{"id":657,"date":"2025-10-24T16:05:38","date_gmt":"2025-10-24T14:05:38","guid":{"rendered":"https:\/\/loft25.ch\/?page_id=657"},"modified":"2025-10-24T16:40:52","modified_gmt":"2025-10-24T14:40:52","slug":"agb","status":"publish","type":"page","link":"https:\/\/loft25.ch\/de\/agb\/","title":{"rendered":"Allgemeine Gesch\u00e4ftsbedingungen (AGB)"},"content":{"rendered":"<div data-elementor-type=\"wp-page\" data-elementor-id=\"657\" class=\"elementor elementor-657\">\n\t\t\t\t\t\t<section class=\"wd-negative-gap elementor-section elementor-top-section elementor-element elementor-element-c8f873d content-mobile elementor-section-boxed elementor-section-height-default elementor-section-height-default\" data-id=\"c8f873d\" data-element_type=\"section\" data-e-type=\"section\">\n\t\t\t\t\t\t<div class=\"elementor-container elementor-column-gap-default\">\n\t\t\t\t\t<div class=\"elementor-column elementor-col-100 elementor-top-column elementor-element elementor-element-775a020\" data-id=\"775a020\" data-element_type=\"column\" data-e-type=\"column\">\n\t\t\t<div class=\"elementor-widget-wrap elementor-element-populated\">\n\t\t\t\t\t\t<div class=\"elementor-element elementor-element-4b534d2 color-scheme-inherit text-left elementor-widget elementor-widget-text-editor\" data-id=\"4b534d2\" data-element_type=\"widget\" data-e-type=\"widget\" data-widget_type=\"text-editor.default\">\n\t\t\t\t\t\t\t\t\t<p><strong>1. Allgemeines \/ Vertragspartner<\/strong><br \/>Diese Allgemeinen Gesch\u00e4ftsbedingungen (AGB) gelten f\u00fcr die Zurverf\u00fcgungstellen des Fotostudios Loft25 inkl. Mobiliar an der Neugasse 25 in Horgen, Schweiz (<strong>Studio<\/strong>) sowie von Equipment f\u00fcr Fotoshootings innerhalb des Studios (<strong>Ausr\u00fcstung,<\/strong> Studio und Ausr\u00fcstung zusammen <strong>Mietsachen<\/strong>) von Evgenia Lisak Photography (<strong>wir<\/strong>) f\u00fcr die stunden- oder tageweise Nutzung an unsere Kunden (<strong>Sie<\/strong>).<\/p><p>Die AGB gelten ausschlie\u00dflich. Ihre gegenteiligen oder abweichenden Gesch\u00e4ftsbedingungen gelten nur, wenn sie von uns schriftlich best\u00e4tigt werden.<\/p><p>Die nachfolgenden Bestimmungen gelten so wohl f\u00fcr die Zurverf\u00fcgungstellung des Studios als auch des Equipments, es sei denn, eine Abstimmung beschr\u00e4nkt sich ausdr\u00fccklich auf eines von beiden.<\/p><p><strong>2. Angebote und Vertragsschluss<\/strong><br \/>Ihre Reservierungen und Anfragen werden mit Anklicken des Buttons \u201c[Fertig stellen]\u201d am Ende des Buchungsprozesses bindend (<strong>Vertrag<\/strong>). Die Buchung wird Ihnen umgehend auf elektronischem Wege best\u00e4tigt.<\/p><p>Unsere Angebote in Offerten, Prospekten, Katalogen, Preislisten und sonstigen Produktbeschreibungen und Unterlagen \u2013 auch in elektronischer Form \u2013 sind bis zur schriftlichen Auftragsbest\u00e4tigung unverbindlich.<\/p><p><strong>3. Vertragsgegenstand<br \/><\/strong>Mit Vertragsschluss begr\u00fcnden wir uns, Ihnen die Mietsachen inkl. Strom, W\u00e4rme, Wasser und Licht f\u00fcr die Mietdauer zu \u00fcberlassen.<\/p><p>Die Nutzung ist Ihnen und den von Ihnen eingeladenen G\u00e4sten bis zur maximalen Belegung von 8 Personen gestattet. Unser Vertragspartner sind Sie und entsprechend sind Sie daf\u00fcr verantwortlich, dass Ihre G\u00e4ste die Bestimmungen unseres Vertrages einhalten. Das Verhalten Ihrer G\u00e4ste wird Ihnen umfassend zur Verf\u00fcgung gestellt<br \/>zugerechnet.<\/p><p>Die Mietsachen, einschliesslich des Zubeh\u00f6rs, bleiben w\u00e4hrend der gesamten Mietdauer im uneingeschr\u00e4nkten und unver\u00e4u\u00dferlichen Eigentum von uns. Sie d\u00fcrfen an den Mietsachen keine \u00c4nderungen vornehmen und diese ohne<br \/>Unsere schriftliche Zustimmung (per Brief oder E-Mail) nicht weitervermieten.<\/p><p>Das Equipment darf nur innerhalb des Studios genutzt werden.<\/p><p>Ohne gegenteiligen Hinweis unsererseits darf das Mobiliar im Studio frei arrangiert und umplatziert werden. F\u00fcr das Verschieben des Sofas und des Betts ist die vorg\u00e4ngige schriftliche Zustimmung unsererseits n\u00f6tig.<\/p><p><strong>4. Mietdauer<\/strong><br \/>Die Mindestmietdauer betr\u00e4gt zwei Stunden.<\/p><p>Die Mietdauer beginnt im vertraglich festgelegten Zeitpunkt und endet mit der R\u00fcckgabe der Mietsachen nach Ablauf der vereinbarten Mietdauer.<\/p><p>Sofern nichts anderes schriftlich vereinbart ist, ist die Nutzung der Mietsachen nur w\u00e4hrend der Studio-\u00d6ffnungszeiten von 8.00 Uhr bis 18.00 Uhr (inkl. Samstage, Sonntage oder Feiertage) zul\u00e4ssig.<\/p><p><strong>5. R\u00fcckgabe des Mietgegenstandes \/ Haftung<\/strong> <br \/>Die R\u00fcckgabe der Mietsachen hat zehn Minuten vor Ablauf der letzten gebuchten Stunde im Studio erfolgen.<\/p><p>Bei versp\u00e4teter R\u00fcckgabe der Mietsachen haben Sie uns die zus\u00e4tzliche Mietdauer auf eine halbe Stunde aufgerundet, um sie zu verg\u00fcten und haften uns \u00fcberdies f\u00fcr den weiteren Schaden, wie beispielsweise f\u00fcr den Ausfall von Folgemieterl\u00f6sen.<\/p><p>Sie haben die Mietsachen inkl. allf\u00e4llig ausgeh\u00e4ndigter Schl\u00fcssel in einwandfreiem,<br \/>betriebsf\u00e4higem und gereinigtem Zustand zur\u00fcck zu ge-en. Die Mobiliar ist in dem bei der \u00dcbernahme der Mietsachen vorgefundenen Zustand zur\u00fcckzustellen.<\/p><p>Entsprechen die Mietsachen diesen Anforderungen nicht oder weisen sie andere M\u00e4ngel auf, werden die Mietsachen auf Ihre Kosten gereinigt oder sofort zur Verf\u00fcgung gestellt<br \/>und Sie haften uns f\u00fcr den weiteren \/Schaden. F\u00fcr die Studioreinigung kommt ein<br \/>Pauschalbetrag von CHF 80 zu Antrag.<\/p><p>Sollte es Ihnen infolge Verlust oder Zerst\u00f6rung der Mietsachen unm\u00f6glich sein, uns diese zur\u00fcckzugeben, sind Sie uns zum Schadensersatz in H\u00f6he des aktuellen Kaufpreises verpflichtet.<\/p><p>Sie sind verpflichtet, einen allf\u00e4lligen Schl\u00fcsselverlust unverz\u00fcglich zu melden. Sterben<br \/>Kosten f\u00fcr den Ersatz von Schl\u00fcssel bzw. Schloss haben Sie zu \u00fcbernehmen.<\/p><p>Die Geltendmachung eines Retentionsrechtes Ihrerseits ist ausgeschlossen.<\/p><p>Wir sind jederzeit berechtigt, eine Kaution als Sicherheit f\u00fcr Verlust oder Schadensersatz der Mietsachen von Ihnen zu verlangen.<\/p><p><strong>6. Mietzins und Zahlungskonditionen<\/strong> <br \/>Der Mietzins wird unmittelbar mit dem Vertragsschluss f\u00e4llig. Sie vergleichen den<br \/>Betrag direkt online \u00fcber Stripe.<\/p><p>Unsere Preise verstehen sich in Schweizerfranken.<\/p><p><strong>7. Stornierungsgeb\u00fchren<\/strong> <br \/>Eine Stornierung der Buchung ist wie folgt m\u00f6glich:<\/p><ul><li>Stundenweise Miete: Bis 24 Stunden vor<br \/>Beginn der Mietdauer;<\/li><li>\u00a0Tagesmiete: Bis 72 Stunden vor Beginn<br \/>der Mietdauer.<\/li><\/ul><p>Erfolgt die Stornierung rechtzeitig, k\u00f6nnen Sie entweder eine kostenlose Verschiebung der Buchung um maximal zwei Monate seit Mietantritt<br \/>oder die R\u00fcckerstattung des Mietzinses abz\u00fcglich der Stornierungsgeb\u00fchr von<br \/>Stripe (gegenw\u00e4rtig rund 3%) Verlangen.<\/p><p>Erfolgt eine Stornierung sp\u00e4ter als im oben genannten Zeitpunkt, ist bei der stundenweisen Miete der volle Mietzins und bei der Tagesmiete die H\u00e4lfte des Mietzinses geschuldet.<\/p><p>Erscheinen Sie zu sp\u00e4t oder gar nicht zum gebuchten Zeitpunkt, ist in jedem Fall der volle Mietzins geschuldet.<\/p><p>Die Stornierung muss schriftlich per Brief oder E-Mail erfolgen. Der massgebende Zeitpunkt f\u00fcr die Stornierung ist der Eingang Ihrer Mitteilung bei uns.<\/p><p><strong>8. Nutzungszweck und -bedingungen<\/strong> <br \/>Zweck der Nutzung der Mietsachen ist die Durchf\u00fchrung von Fotoshootings und Videodrehs unter Beachtung s\u00e4mtlicher gesetzlicher und beh\u00f6rdlicher Vorgaben. F\u00fcr anderweitige Nutzungen (bspw. Veranstaltungen) ist die vorg\u00e4ngige schriftliche Zustimmung (per Brief oder E-Mail) von uns vorausgesetzt.\u00a0<\/p><p>Es ist nicht erlaubt, im Studio Materialien zu verwenden, die eine erh\u00f6hte Staubentwicklung, Farbverschmutzung oder Feuer verursachen. Es d\u00fcrfen nur saubere und trockene Schuhe getragen werden.<\/p><p>Rauchen ist im Studio nicht gestattet.<\/p><p>Im \u00dcbrigen sind Sie verpflichtet, sich an weitere Weisungen oder Anweisungen des Studiopersonals oder an Aush\u00e4ngen (Hausordnung) zu halten.<\/p><p>Sie sind verpflichtet, uns bzw. Unseren Beauftragten ist jederzeit Zutritt zum Studio zu gew\u00e4hren.<\/p><p><strong>9. Sorgfaltspflicht und Versicherung<\/strong><br \/>Sie sind verpflichtet, die zur Verf\u00fcgung gestellten Mietsachen mit der gr\u00f6sstm\u00f6glichen Sorgfalt zu behandeln.<\/p><p>Zur Abdeckung allf\u00e4lliger Schadenersatzpflichten uns gegen\u00fcber sind Sie verpflichtet, \u00fcber eine ausreichende Haftpflichtversicherung zu verf\u00fcgen und diese uns auf Verlangen nachzuweisen.<\/p><p><strong>10. Gew\u00e4hrleistung und Haftungsausschluss<\/strong><br \/>Sie haben die Mietsachen unverz\u00fcglich nach Beginn der Mietdauer zu pr\u00fcfen und uns allf\u00e4llige M\u00e4ngel oder Sch\u00e4den innerhalb der ersten 15 Minuten zu melden,<br \/>Andererseits gelten die Mietsachen als genehmigt und Sie verzichten auf allf\u00e4llige M\u00e4ngelrechte.<\/p><p>Treten w\u00e4hrend der Mietdauer M\u00e4ngel oder Sch\u00e4den auf, haben Sie uns diese unverz\u00fcglich zu melden, unabh\u00e4ngig davon, ob sie von Ihnen selbst verursacht worden sind oder nicht. Im Unterlassungsfall haften Sie f\u00fcr den Schaden, der durch die unterlassene Meldung eingetreten ist.<\/p><p>Eine Haftung unsererseits f\u00fcr allf\u00e4llige Sch\u00e4den Ihrerseits wird soweit gesetzlich zul\u00e4ssig wegbedungen.<\/p><p>Sie stellen uns von allen Schadensersatzanspr\u00fcchen, die<br \/>im Zusammenhang mit Ihrer Produktion mit den Mietsachen von Dritten uns gegen\u00fcber geltend gemacht werden, frei.<\/p><p><strong>11. Datenschutz und -sicherheit<\/strong> <br \/>Es gilt unsere gesonderte Datenschutzerkl\u00e4rung.<\/p><p><strong>12. Schlussbestimmungen<\/strong><br \/>Mit der Buchung erkl\u00e4ren Sie sich mit den aktuell g\u00fcltigen AGB, welche auf unserer Seite sind<br \/>Webseite angesehen oder heruntergeladen werden k\u00f6nnen, einverstanden.<\/p><p>Die vorliegenden AGB sowie s\u00e4mtliche \u00fcbrigen Vereinbarungen zwischen uns unterliegen schweizerischem Recht unter Ausschluss des Bundesgesetzes \u00fcber das internationale Privatrecht (IPRG). Der Gerichtstand f\u00fcr alle Streitigkeiten ist der Gesch\u00e4ftssitz von Evgenia Lisak Photography, gegenw\u00e4rtig in Horgen.<\/p>\t\t\t\t\t\t\t\t<\/div>\n\t\t\t\t\t<\/div>\n\t\t<\/div>\n\t\t\t\t\t<\/div>\n\t\t<\/section>\n\t\t\t\t<\/div>","protected":false},"excerpt":{"rendered":"<p>1. Allgemeines \/ VertragspartnerDiese Allgemeinen Gesch\u00e4ftsbedingungen (AGB) gelten f\u00fcr die Zurverf\u00fcgungstellen des Fotostudios Loft25 inkl. Mobiliar an der Neugasse 25<\/p>","protected":false},"author":1,"featured_media":0,"parent":0,"menu_order":0,"comment_status":"closed","ping_status":"closed","template":"","meta":{"footnotes":""},"class_list":["post-657","page","type-page","status-publish","hentry"],"_links":{"self":[{"href":"https:\/\/loft25.ch\/de\/wp-json\/wp\/v2\/pages\/657","targetHints":{"allow":["GET"]}}],"collection":[{"href":"https:\/\/loft25.ch\/de\/wp-json\/wp\/v2\/pages"}],"about":[{"href":"https:\/\/loft25.ch\/de\/wp-json\/wp\/v2\/types\/page"}],"author":[{"embeddable":true,"href":"https:\/\/loft25.ch\/de\/wp-json\/wp\/v2\/users\/1"}],"replies":[{"embeddable":true,"href":"https:\/\/loft25.ch\/de\/wp-json\/wp\/v2\/comments?post=657"}],"version-history":[{"count":11,"href":"https:\/\/loft25.ch\/de\/wp-json\/wp\/v2\/pages\/657\/revisions"}],"predecessor-version":[{"id":695,"href":"https:\/\/loft25.ch\/de\/wp-json\/wp\/v2\/pages\/657\/revisions\/695"}],"wp:attachment":[{"href":"https:\/\/loft25.ch\/de\/wp-json\/wp\/v2\/media?parent=657"}],"curies":[{"name":"wp","href":"https:\/\/api.w.org\/{rel}","templated":true}]}}