{"id":655,"date":"2025-10-24T16:05:28","date_gmt":"2025-10-24T14:05:28","guid":{"rendered":"https:\/\/loft25.ch\/?page_id=655"},"modified":"2025-10-24T16:11:53","modified_gmt":"2025-10-24T14:11:53","slug":"impressum","status":"publish","type":"page","link":"https:\/\/loft25.ch\/de\/impressum\/","title":{"rendered":"Impressum"},"content":{"rendered":"<div data-elementor-type=\"wp-page\" data-elementor-id=\"655\" class=\"elementor elementor-655\">\n\t\t\t\t\t\t<section class=\"wd-negative-gap elementor-section elementor-top-section elementor-element elementor-element-daa9df1 content-mobile elementor-section-boxed elementor-section-height-default elementor-section-height-default\" data-id=\"daa9df1\" data-element_type=\"section\" data-e-type=\"section\">\n\t\t\t\t\t\t<div class=\"elementor-container elementor-column-gap-default\">\n\t\t\t\t\t<div class=\"elementor-column elementor-col-100 elementor-top-column elementor-element elementor-element-3d03c13\" data-id=\"3d03c13\" data-element_type=\"column\" data-e-type=\"column\">\n\t\t\t<div class=\"elementor-widget-wrap elementor-element-populated\">\n\t\t\t\t\t\t<div class=\"elementor-element elementor-element-d63b509 elementor-widget elementor-widget-heading\" data-id=\"d63b509\" data-element_type=\"widget\" data-e-type=\"widget\" data-widget_type=\"heading.default\">\n\t\t\t\t\t<h2 class=\"elementor-heading-title elementor-size-default\">Loft25 Impressum<\/h2>\t\t\t\t<\/div>\n\t\t\t\t<div class=\"elementor-element elementor-element-35c05bd color-scheme-inherit text-left elementor-widget elementor-widget-text-editor\" data-id=\"35c05bd\" data-element_type=\"widget\" data-e-type=\"widget\" data-widget_type=\"text-editor.default\">\n\t\t\t\t\t\t\t\t\t<p><strong><em>Kontaktadresse<\/em><\/strong><\/p><p>Evgenia Lisak Fotografie<br \/>Evgenia Lisak<br \/>Neugasse 25<br \/>8810 Horgen<br \/>Schweiz<\/p><p>E-Mail:<br \/>info@loft25.ch<\/p><p>\u00a0<\/p><p><strong><em>Vertretungsberechtigte Person(en)<\/em><\/strong><\/p><p>Evgenia Lisak, Inhaberin<br \/><br \/><\/p><p><strong><em>Handelsregister-Eintrag<\/em><\/strong><\/p><p>Eingetragener Firmenname:<br \/><strong>Evgenia Lisak Fotografie<\/strong><br \/><br \/>Unternehmens-Nr (UID):<br \/><strong>CHE-490.068.913<\/strong><br \/><br \/><strong><em>Hakla<\/em><\/strong><\/p><p>Der Autor \u00fcbernimmt keinerlei Gew\u00e4hr hinsichtlich der inhaltlichen Richtigkeit, Genauigkeit, Aktualit\u00e4t, Zuverl\u00e4ssigkeit und Vollst\u00e4ndigkeit der Informationen.<\/p><p>Haftungsanspr\u00fcche gegen den Autor wegen Sch\u00e4den materieller oder immaterieller Art, welche aus dem Zugriff oder der Nutzung bzw. Nichtnutzung der ver\u00f6ffentlichten Informationen, die durch Missbrauch der Verbindung oder durch technische St\u00f6rungen entstanden sind, werden ausgeschlossen.<\/p><p>Alle Angebote sind unverbindlich. Der Autor beh\u00e4lt sich ausdr\u00fccklich vor, Teile der gesamten Seiten oder das Angebot ohne besondere Ank\u00fcndigung zu ver\u00e4ndern, zu erg\u00e4nzen, zu l\u00f6schen oder die Ver\u00f6ffentlichung zeitweise oder endg\u00fcltig festzulegen.<\/p><p>\u00a0<\/p><p><strong><em>Haftungsausschluss f\u00fcr Links<\/em><\/strong><\/p><p>Verweise und Links auf Webseiten Dritter liegen au\u00dferhalb unseres Verantwortungsbereichs. Es wird jegliche Verantwortung f\u00fcr solche Webseiten abgelehnt. Der Zugriff und die Nutzung solcher Webseiten erfolgen auf eigene Gefahr des jeweiligen Nutzers.<\/p><p>\u00a0<\/p><p><strong><em>Urheberrechte<\/em><\/strong><\/p><p>Die Urheber- und alle anderen Rechte an Inhalten, Bildern, Fotos oder anderen Dateien auf dieser Website geh\u00f6ren ausschliesslich\u00a0<strong>Evgenia Lisak<\/strong>\u00a0oder den speziell genannten Rechteinhabern. F\u00fcr die Reproduktion aller Elemente ist die schriftliche Zustimmung des Urheberrechtstr\u00e4gers im Voraus einzuholen.<\/p><p><br \/>Quelle:\u00a0<a href=\"https:\/\/www.swissanwalt.ch\" target=\"_blank\" rel=\"noopener\">SwissAnwalt<\/a><\/p>\t\t\t\t\t\t\t\t<\/div>\n\t\t\t\t\t<\/div>\n\t\t<\/div>\n\t\t\t\t\t<\/div>\n\t\t<\/section>\n\t\t\t\t<\/div>","protected":false},"excerpt":{"rendered":"<p>Loft25 Impressum Kontakt-Adresse Evgenia Lisak FotografieEvgenia LisakNeugasse 258810 HorgenSchweiz E-Mail:info@loft25.ch Vertretungsberechtigte Person(en) Evgenia Lisak, Inhaberin Handelsregister-Eintrag Eingetragener Firmenname:Evgenia Lisak<\/p>","protected":false},"author":1,"featured_media":0,"parent":0,"menu_order":0,"comment_status":"closed","ping_status":"closed","template":"","meta":{"footnotes":""},"class_list":["post-655","page","type-page","status-publish","hentry"],"_links":{"self":[{"href":"https:\/\/loft25.ch\/de\/wp-json\/wp\/v2\/pages\/655","targetHints":{"allow":["GET"]}}],"collection":[{"href":"https:\/\/loft25.ch\/de\/wp-json\/wp\/v2\/pages"}],"about":[{"href":"https:\/\/loft25.ch\/de\/wp-json\/wp\/v2\/types\/page"}],"author":[{"embeddable":true,"href":"https:\/\/loft25.ch\/de\/wp-json\/wp\/v2\/users\/1"}],"replies":[{"embeddable":true,"href":"https:\/\/loft25.ch\/de\/wp-json\/wp\/v2\/comments?post=655"}],"version-history":[{"count":16,"href":"https:\/\/loft25.ch\/de\/wp-json\/wp\/v2\/pages\/655\/revisions"}],"predecessor-version":[{"id":675,"href":"https:\/\/loft25.ch\/de\/wp-json\/wp\/v2\/pages\/655\/revisions\/675"}],"wp:attachment":[{"href":"https:\/\/loft25.ch\/de\/wp-json\/wp\/v2\/media?parent=655"}],"curies":[{"name":"wp","href":"https:\/\/api.w.org\/{rel}","templated":true}]}}